{"id":30,"date":"2026-03-09T19:15:16","date_gmt":"2026-03-09T19:15:16","guid":{"rendered":"https:\/\/mstop.com.br\/contato\/"},"modified":"2026-03-13T19:40:40","modified_gmt":"2026-03-13T19:40:40","slug":"contato","status":"publish","type":"page","link":"https:\/\/mstop.com.br\/en\/contato\/","title":{"rendered":"Fale conosco"},"content":{"rendered":"\n<div class=\"wp-block-group alignfull is-style-ext-preset--group--natural-1--section ext-animate--on has-background-background-color has-background has-global-padding is-layout-constrained wp-block-group-is-layout-constrained is-style-ext-preset--group--natural-1--section--1\" id=\"contact\" style=\"margin-top:0;margin-bottom:0;padding-top:var(--wp--preset--spacing--70);padding-bottom:var(--wp--preset--spacing--70)\">\n<p class=\"has-text-align-center ext-animate--on\">Siga-nos nas nossas redes sociais<\/p>\n\n\n\n<div class=\"wp-block-group alignwide ext-animate--on is-content-justification-center is-nowrap is-layout-flex wp-container-core-group-is-layout-23441af8 wp-block-group-is-layout-flex\">\n<ul class=\"wp-block-social-links ext-animate--on is-layout-flex wp-block-social-links-is-layout-flex\"><li class=\"wp-social-link wp-social-link-instagram  ext-animate--on wp-block-social-link\"><a href=\"https:\/\/instagram.com\/mstop.mg\" class=\"wp-block-social-link-anchor\"><svg width=\"24\" height=\"24\" viewBox=\"0 0 24 24\" version=\"1.1\" xmlns=\"http:\/\/www.w3.org\/2000\/svg\" aria-hidden=\"true\" focusable=\"false\"><path d=\"M12,4.622c2.403,0,2.688,0.009,3.637,0.052c0.877,0.04,1.354,0.187,1.671,0.31c0.42,0.163,0.72,0.358,1.035,0.673 c0.315,0.315,0.51,0.615,0.673,1.035c0.123,0.317,0.27,0.794,0.31,1.671c0.043,0.949,0.052,1.234,0.052,3.637 s-0.009,2.688-0.052,3.637c-0.04,0.877-0.187,1.354-0.31,1.671c-0.163,0.42-0.358,0.72-0.673,1.035 c-0.315,0.315-0.615,0.51-1.035,0.673c-0.317,0.123-0.794,0.27-1.671,0.31c-0.949,0.043-1.233,0.052-3.637,0.052 s-2.688-0.009-3.637-0.052c-0.877-0.04-1.354-0.187-1.671-0.31c-0.42-0.163-0.72-0.358-1.035-0.673 c-0.315-0.315-0.51-0.615-0.673-1.035c-0.123-0.317-0.27-0.794-0.31-1.671C4.631,14.688,4.622,14.403,4.622,12 s0.009-2.688,0.052-3.637c0.04-0.877,0.187-1.354,0.31-1.671c0.163-0.42,0.358-0.72,0.673-1.035 c0.315-0.315,0.615-0.51,1.035-0.673c0.317-0.123,0.794-0.27,1.671-0.31C9.312,4.631,9.597,4.622,12,4.622 M12,3 C9.556,3,9.249,3.01,8.289,3.054C7.331,3.098,6.677,3.25,6.105,3.472C5.513,3.702,5.011,4.01,4.511,4.511 c-0.5,0.5-0.808,1.002-1.038,1.594C3.25,6.677,3.098,7.331,3.054,8.289C3.01,9.249,3,9.556,3,12c0,2.444,0.01,2.751,0.054,3.711 c0.044,0.958,0.196,1.612,0.418,2.185c0.23,0.592,0.538,1.094,1.038,1.594c0.5,0.5,1.002,0.808,1.594,1.038 c0.572,0.222,1.227,0.375,2.185,0.418C9.249,20.99,9.556,21,12,21s2.751-0.01,3.711-0.054c0.958-0.044,1.612-0.196,2.185-0.418 c0.592-0.23,1.094-0.538,1.594-1.038c0.5-0.5,0.808-1.002,1.038-1.594c0.222-0.572,0.375-1.227,0.418-2.185 C20.99,14.751,21,14.444,21,12s-0.01-2.751-0.054-3.711c-0.044-0.958-0.196-1.612-0.418-2.185c-0.23-0.592-0.538-1.094-1.038-1.594 c-0.5-0.5-1.002-0.808-1.594-1.038c-0.572-0.222-1.227-0.375-2.185-0.418C14.751,3.01,14.444,3,12,3L12,3z M12,7.378 c-2.552,0-4.622,2.069-4.622,4.622S9.448,16.622,12,16.622s4.622-2.069,4.622-4.622S14.552,7.378,12,7.378z M12,15 c-1.657,0-3-1.343-3-3s1.343-3,3-3s3,1.343,3,3S13.657,15,12,15z M16.804,6.116c-0.596,0-1.08,0.484-1.08,1.08 s0.484,1.08,1.08,1.08c0.596,0,1.08-0.484,1.08-1.08S17.401,6.116,16.804,6.116z\"><\/path><\/svg><span class=\"wp-block-social-link-label screen-reader-text\">Instagram<\/span><\/a><\/li>\n\n<li class=\"wp-social-link wp-social-link-facebook  ext-animate--on wp-block-social-link\"><a href=\"https:\/\/web.facebook.com\/mstopconsultoria\" class=\"wp-block-social-link-anchor\"><svg width=\"24\" height=\"24\" viewBox=\"0 0 24 24\" version=\"1.1\" xmlns=\"http:\/\/www.w3.org\/2000\/svg\" aria-hidden=\"true\" focusable=\"false\"><path d=\"M12 2C6.5 2 2 6.5 2 12c0 5 3.7 9.1 8.4 9.9v-7H7.9V12h2.5V9.8c0-2.5 1.5-3.9 3.8-3.9 1.1 0 2.2.2 2.2.2v2.5h-1.3c-1.2 0-1.6.8-1.6 1.6V12h2.8l-.4 2.9h-2.3v7C18.3 21.1 22 17 22 12c0-5.5-4.5-10-10-10z\"><\/path><\/svg><span class=\"wp-block-social-link-label screen-reader-text\">Facebook<\/span><\/a><\/li>\n\n<li class=\"wp-social-link wp-social-link-whatsapp  ext-animate--on wp-block-social-link\"><a href=\"https:\/\/wa.me\/1331502150\" class=\"wp-block-social-link-anchor\"><svg width=\"24\" height=\"24\" viewBox=\"0 0 24 24\" version=\"1.1\" xmlns=\"http:\/\/www.w3.org\/2000\/svg\" aria-hidden=\"true\" focusable=\"false\"><path d=\"M 12.011719 2 C 6.5057187 2 2.0234844 6.478375 2.0214844 11.984375 C 2.0204844 13.744375 2.4814687 15.462563 3.3554688 16.976562 L 2 22 L 7.2324219 20.763672 C 8.6914219 21.559672 10.333859 21.977516 12.005859 21.978516 L 12.009766 21.978516 C 17.514766 21.978516 21.995047 17.499141 21.998047 11.994141 C 22.000047 9.3251406 20.962172 6.8157344 19.076172 4.9277344 C 17.190172 3.0407344 14.683719 2.001 12.011719 2 z M 12.009766 4 C 14.145766 4.001 16.153109 4.8337969 17.662109 6.3417969 C 19.171109 7.8517969 20.000047 9.8581875 19.998047 11.992188 C 19.996047 16.396187 16.413812 19.978516 12.007812 19.978516 C 10.674812 19.977516 9.3544062 19.642812 8.1914062 19.007812 L 7.5175781 18.640625 L 6.7734375 18.816406 L 4.8046875 19.28125 L 5.2851562 17.496094 L 5.5019531 16.695312 L 5.0878906 15.976562 C 4.3898906 14.768562 4.0204844 13.387375 4.0214844 11.984375 C 4.0234844 7.582375 7.6067656 4 12.009766 4 z M 8.4765625 7.375 C 8.3095625 7.375 8.0395469 7.4375 7.8105469 7.6875 C 7.5815469 7.9365 6.9355469 8.5395781 6.9355469 9.7675781 C 6.9355469 10.995578 7.8300781 12.182609 7.9550781 12.349609 C 8.0790781 12.515609 9.68175 15.115234 12.21875 16.115234 C 14.32675 16.946234 14.754891 16.782234 15.212891 16.740234 C 15.670891 16.699234 16.690438 16.137687 16.898438 15.554688 C 17.106437 14.971687 17.106922 14.470187 17.044922 14.367188 C 16.982922 14.263188 16.816406 14.201172 16.566406 14.076172 C 16.317406 13.951172 15.090328 13.348625 14.861328 13.265625 C 14.632328 13.182625 14.464828 13.140625 14.298828 13.390625 C 14.132828 13.640625 13.655766 14.201187 13.509766 14.367188 C 13.363766 14.534188 13.21875 14.556641 12.96875 14.431641 C 12.71875 14.305641 11.914938 14.041406 10.960938 13.191406 C 10.218937 12.530406 9.7182656 11.714844 9.5722656 11.464844 C 9.4272656 11.215844 9.5585938 11.079078 9.6835938 10.955078 C 9.7955938 10.843078 9.9316406 10.663578 10.056641 10.517578 C 10.180641 10.371578 10.223641 10.267562 10.306641 10.101562 C 10.389641 9.9355625 10.347156 9.7890625 10.285156 9.6640625 C 10.223156 9.5390625 9.737625 8.3065 9.515625 7.8125 C 9.328625 7.3975 9.131125 7.3878594 8.953125 7.3808594 C 8.808125 7.3748594 8.6425625 7.375 8.4765625 7.375 z\"><\/path><\/svg><span class=\"wp-block-social-link-label screen-reader-text\">WhatsApp<\/span><\/a><\/li>\n\n<li class=\"wp-social-link wp-social-link-linkedin  ext-animate--on wp-block-social-link\"><a href=\"https:\/\/www.linkedin.com\/company\/102309546\/admin\/dashboard\/\" class=\"wp-block-social-link-anchor\"><svg width=\"24\" height=\"24\" viewBox=\"0 0 24 24\" version=\"1.1\" xmlns=\"http:\/\/www.w3.org\/2000\/svg\" aria-hidden=\"true\" focusable=\"false\"><path d=\"M19.7,3H4.3C3.582,3,3,3.582,3,4.3v15.4C3,20.418,3.582,21,4.3,21h15.4c0.718,0,1.3-0.582,1.3-1.3V4.3 C21,3.582,20.418,3,19.7,3z M8.339,18.338H5.667v-8.59h2.672V18.338z M7.004,8.574c-0.857,0-1.549-0.694-1.549-1.548 c0-0.855,0.691-1.548,1.549-1.548c0.854,0,1.547,0.694,1.547,1.548C8.551,7.881,7.858,8.574,7.004,8.574z M18.339,18.338h-2.669 v-4.177c0-0.996-0.017-2.278-1.387-2.278c-1.389,0-1.601,1.086-1.601,2.206v4.249h-2.667v-8.59h2.559v1.174h0.037 c0.356-0.675,1.227-1.387,2.526-1.387c2.703,0,3.203,1.779,3.203,4.092V18.338z\"><\/path><\/svg><span class=\"wp-block-social-link-label screen-reader-text\">LinkedIn<\/span><\/a><\/li><\/ul>\n<\/div>\n\n\n\n<hr class=\"wp-block-separator alignfull has-alpha-channel-opacity ext-animate--on is-style-dots\"\/>\n\n\n\n<h4 class=\"wp-block-heading alignfull has-text-align-center ext-animate--on\">Fale conosco<\/h4>\n\n\n\n<p class=\"ext-animate--on\">Entre em contato com a MSTOP para tirar d\u00favidas, solicitar informa\u00e7\u00f5es ou falar com nossa equipe t\u00e9cnica e comercial. Estamos prontos para atender voc\u00ea com agilidade e clareza, oferecendo o suporte necess\u00e1rio para cada necessidade.<\/p>\n\n\n\n<div class=\"wp-block-media-text alignwide has-media-on-the-right is-stacked-on-mobile is-vertically-aligned-bottom is-image-fill-element is-style-ext-preset--media-text--natural-1--card-1 ext-animate--on has-tertiary-background-color has-background is-style-ext-preset--media-text--natural-1--card-1--2\" style=\"grid-template-columns:auto 48%\"><div class=\"wp-block-media-text__content\">\n<div class=\"wp-block-group alignwide ext-animate--on is-style-ext-preset--group--gradient-1--section has-global-padding is-layout-constrained wp-container-core-group-is-layout-48493932 wp-block-group-is-layout-constrained is-style-ext-preset--group--gradient-1--section--3\" style=\"padding-top:var(--wp--preset--spacing--55);padding-right:var(--wp--preset--spacing--55);padding-bottom:var(--wp--preset--spacing--55);padding-left:var(--wp--preset--spacing--55)\"><div class=\"wpforms-container wpforms-block wpforms-block-406c62bf-d413-4f54-9e34-6ea96a36e1dd wpforms-render-modern\" id=\"wpforms-27\"><form id=\"wpforms-form-27\" class=\"wpforms-validate wpforms-form wpforms-ajax-form\" data-formid=\"27\" method=\"post\" enctype=\"multipart\/form-data\" action=\"\/en\/wp-json\/wp\/v2\/pages\/30\" data-token=\"752b66f4dfbfce24e54cb1a62c15ca15\" data-token-time=\"1778698906\"><noscript class=\"wpforms-error-noscript\">Please enable JavaScript in your browser to complete this form.<\/noscript><div id=\"wpforms-error-noscript\" style=\"display: none;\">Please enable JavaScript in your browser to complete this form.<\/div><div class=\"wpforms-field-container\"><div id=\"wpforms-27-field_1-container\" class=\"wpforms-field wpforms-field-name\" data-field-id=\"1\"><label class=\"wpforms-field-label\" for=\"wpforms-27-field_1\">Nome <span class=\"wpforms-required-label\" aria-hidden=\"true\">*<\/span><\/label><input type=\"text\" id=\"wpforms-27-field_1\" class=\"wpforms-field-large wpforms-field-required\" name=\"wpforms[fields][1]\" aria-errormessage=\"wpforms-27-field_1-error\" required><\/div><div id=\"wpforms-27-field_2-container\" class=\"wpforms-field wpforms-field-email\" data-field-id=\"2\"><label class=\"wpforms-field-label\" for=\"wpforms-27-field_2\">E-mail <span class=\"wpforms-required-label\" aria-hidden=\"true\">*<\/span><\/label><input type=\"email\" id=\"wpforms-27-field_2\" class=\"wpforms-field-large wpforms-field-required\" name=\"wpforms[fields][2]\" spellcheck=\"false\" aria-errormessage=\"wpforms-27-field_2-error\" required><\/div><div id=\"wpforms-27-field_3-container\" class=\"wpforms-field wpforms-field-text\" data-field-id=\"3\"><label class=\"wpforms-field-label\" for=\"wpforms-27-field_3\">Assunto<\/label><input type=\"text\" id=\"wpforms-27-field_3\" class=\"wpforms-field-large\" name=\"wpforms[fields][3]\" aria-errormessage=\"wpforms-27-field_3-error\" ><\/div>\t\t<div id=\"wpforms-27-field_5-container\"\n\t\t\tclass=\"wpforms-field wpforms-field-text\"\n\t\t\tdata-field-type=\"text\"\n\t\t\tdata-field-id=\"5\"\n\t\t\t>\n\t\t\t<label class=\"wpforms-field-label\" for=\"wpforms-27-field_5\" >Nome Assunto E-mail<\/label>\n\t\t\t<input type=\"text\" id=\"wpforms-27-field_5\" class=\"wpforms-field-medium\" name=\"wpforms[fields][5]\" >\n\t\t<\/div>\n\t\t<div id=\"wpforms-27-field_4-container\" class=\"wpforms-field wpforms-field-textarea\" data-field-id=\"4\"><label class=\"wpforms-field-label\" for=\"wpforms-27-field_4\">Mensagem <span class=\"wpforms-required-label\" aria-hidden=\"true\">*<\/span><\/label><textarea id=\"wpforms-27-field_4\" class=\"wpforms-field-large wpforms-field-required\" name=\"wpforms[fields][4]\" aria-errormessage=\"wpforms-27-field_4-error\" required><\/textarea><\/div><script>\n\t\t\t\t( function() {\n\t\t\t\t\tconst style = document.createElement( 'style' );\n\t\t\t\t\tstyle.appendChild( document.createTextNode( '#wpforms-27-field_5-container { position: absolute !important; overflow: hidden !important; display: inline !important; height: 1px !important; width: 1px !important; z-index: -1000 !important; padding: 0 !important; } #wpforms-27-field_5-container input { visibility: hidden; } #wpforms-conversational-form-page #wpforms-27-field_5-container label { counter-increment: none; }' ) );\n\t\t\t\t\tdocument.head.appendChild( style );\n\t\t\t\t\tdocument.currentScript?.remove();\n\t\t\t\t} )();\n\t\t\t<\/script><\/div><!-- .wpforms-field-container --><div class=\"wpforms-submit-container\" ><input type=\"hidden\" name=\"wpforms[id]\" value=\"27\"><input type=\"hidden\" name=\"page_title\" value=\"\"><input type=\"hidden\" name=\"page_url\" value=\"https:\/\/mstop.com.br\/en\/wp-json\/wp\/v2\/pages\/30\"><input type=\"hidden\" name=\"url_referer\" value=\"\"><button type=\"submit\" name=\"wpforms[submit]\" id=\"wpforms-submit-27\" class=\"wpforms-submit\" data-alt-text=\"Enviando\u2026\" data-submit-text=\"Enviar\" aria-live=\"assertive\" value=\"wpforms-submit\">Enviar<\/button><img loading=\"lazy\" decoding=\"async\" src=\"https:\/\/mstop.com.br\/wp-content\/plugins\/wpforms-lite\/assets\/images\/submit-spin.svg\" class=\"wpforms-submit-spinner\" style=\"display: none;\" width=\"26\" height=\"26\" alt=\"Loading\"><\/div><\/form><\/div>  <!-- .wpforms-container --><\/div>\n<\/div><figure class=\"wp-block-media-text__media\"><img loading=\"lazy\" decoding=\"async\" width=\"768\" height=\"1024\" src=\"https:\/\/mstop.com.br\/wp-content\/uploads\/2026\/03\/WhatsApp-Image-2026-03-12-at-09.40.36-768x1024.jpeg\" alt=\"\" class=\"wp-image-161 size-full\" style=\"object-position:50% 50%\" srcset=\"https:\/\/mstop.com.br\/wp-content\/uploads\/2026\/03\/WhatsApp-Image-2026-03-12-at-09.40.36-768x1024.jpeg 768w, https:\/\/mstop.com.br\/wp-content\/uploads\/2026\/03\/WhatsApp-Image-2026-03-12-at-09.40.36-225x300.jpeg 225w, https:\/\/mstop.com.br\/wp-content\/uploads\/2026\/03\/WhatsApp-Image-2026-03-12-at-09.40.36-9x12.jpeg 9w, https:\/\/mstop.com.br\/wp-content\/uploads\/2026\/03\/WhatsApp-Image-2026-03-12-at-09.40.36.jpeg 960w\" sizes=\"auto, (max-width: 768px) 100vw, 768px\" \/><\/figure><\/div>\n<\/div>\n","protected":false},"excerpt":{"rendered":"<p>Siga-nos nas nossas redes sociais Fale conosco Entre em contato com a MSTOP para tirar d\u00favidas, solicitar informa\u00e7\u00f5es ou falar com nossa equipe t\u00e9cnica e comercial. Estamos prontos para atender voc\u00ea com agilidade e clareza, oferecendo o suporte necess\u00e1rio para cada necessidade.<\/p>","protected":false},"author":1,"featured_media":0,"parent":0,"menu_order":0,"comment_status":"closed","ping_status":"closed","template":"page-with-title","meta":{"footnotes":""},"class_list":["post-30","page","type-page","status-publish","hentry"],"yoast_head":"<!-- This site is optimized with the Yoast SEO plugin v27.2 - https:\/\/yoast.com\/product\/yoast-seo-wordpress\/ -->\n<title>Fale conosco - MSTOP Topografia e Meio Ambiente<\/title>\n<meta name=\"robots\" content=\"index, follow, max-snippet:-1, max-image-preview:large, max-video-preview:-1\" \/>\n<link rel=\"canonical\" href=\"https:\/\/mstop.com.br\/en\/contato\/\" \/>\n<meta property=\"og:locale\" content=\"en_US\" \/>\n<meta property=\"og:type\" content=\"article\" \/>\n<meta property=\"og:title\" content=\"Fale conosco - MSTOP Topografia e Meio Ambiente\" \/>\n<meta property=\"og:description\" content=\"Siga-nos nas nossas redes sociais Fale conosco Entre em contato com a MSTOP para tirar d\u00favidas, solicitar informa\u00e7\u00f5es ou falar com nossa equipe t\u00e9cnica e comercial. Estamos prontos para atender voc\u00ea com agilidade e clareza, oferecendo o suporte necess\u00e1rio para cada necessidade.\" \/>\n<meta property=\"og:url\" content=\"https:\/\/mstop.com.br\/en\/contato\/\" \/>\n<meta property=\"og:site_name\" content=\"MSTOP Topografia e Meio Ambiente\" \/>\n<meta property=\"article:modified_time\" content=\"2026-03-13T19:40:40+00:00\" \/>\n<meta property=\"og:image\" content=\"https:\/\/mstop.com.br\/wp-content\/uploads\/2026\/03\/WhatsApp-Image-2026-03-12-at-09.40.36-768x1024.jpeg\" \/>\n<meta name=\"twitter:card\" content=\"summary_large_image\" \/>\n<meta name=\"twitter:label1\" content=\"Est. reading time\" \/>\n\t<meta name=\"twitter:data1\" content=\"1 minute\" \/>\n<script type=\"application\/ld+json\" class=\"yoast-schema-graph\">{\"@context\":\"https:\/\/schema.org\",\"@graph\":[{\"@type\":\"WebPage\",\"@id\":\"https:\/\/mstop.com.br\/contato\/\",\"url\":\"https:\/\/mstop.com.br\/contato\/\",\"name\":\"Fale conosco - MSTOP Topografia e Meio Ambiente\",\"isPartOf\":{\"@id\":\"https:\/\/mstop.com.br\/#website\"},\"primaryImageOfPage\":{\"@id\":\"https:\/\/mstop.com.br\/contato\/#primaryimage\"},\"image\":{\"@id\":\"https:\/\/mstop.com.br\/contato\/#primaryimage\"},\"thumbnailUrl\":\"https:\/\/mstop.com.br\/wp-content\/uploads\/2026\/03\/WhatsApp-Image-2026-03-12-at-09.40.36-768x1024.jpeg\",\"datePublished\":\"2026-03-09T19:15:16+00:00\",\"dateModified\":\"2026-03-13T19:40:40+00:00\",\"breadcrumb\":{\"@id\":\"https:\/\/mstop.com.br\/contato\/#breadcrumb\"},\"inLanguage\":\"en-US\",\"potentialAction\":[{\"@type\":\"ReadAction\",\"target\":[\"https:\/\/mstop.com.br\/contato\/\"]}]},{\"@type\":\"ImageObject\",\"inLanguage\":\"en-US\",\"@id\":\"https:\/\/mstop.com.br\/contato\/#primaryimage\",\"url\":\"https:\/\/mstop.com.br\/wp-content\/uploads\/2026\/03\/WhatsApp-Image-2026-03-12-at-09.40.36-768x1024.jpeg\",\"contentUrl\":\"https:\/\/mstop.com.br\/wp-content\/uploads\/2026\/03\/WhatsApp-Image-2026-03-12-at-09.40.36-768x1024.jpeg\"},{\"@type\":\"BreadcrumbList\",\"@id\":\"https:\/\/mstop.com.br\/contato\/#breadcrumb\",\"itemListElement\":[{\"@type\":\"ListItem\",\"position\":1,\"name\":\"In\u00edcio\",\"item\":\"https:\/\/mstop.com.br\/\"},{\"@type\":\"ListItem\",\"position\":2,\"name\":\"Fale conosco\"}]},{\"@type\":\"WebSite\",\"@id\":\"https:\/\/mstop.com.br\/#website\",\"url\":\"https:\/\/mstop.com.br\/\",\"name\":\"MSTOP Topografia e Meio Ambiente\",\"description\":\"My WordPress Blog\",\"publisher\":{\"@id\":\"https:\/\/mstop.com.br\/#organization\"},\"potentialAction\":[{\"@type\":\"SearchAction\",\"target\":{\"@type\":\"EntryPoint\",\"urlTemplate\":\"https:\/\/mstop.com.br\/?s={search_term_string}\"},\"query-input\":{\"@type\":\"PropertyValueSpecification\",\"valueRequired\":true,\"valueName\":\"search_term_string\"}}],\"inLanguage\":\"en-US\"},{\"@type\":\"Organization\",\"@id\":\"https:\/\/mstop.com.br\/#organization\",\"name\":\"MSTOP Topografia e Meio Ambiente\",\"url\":\"https:\/\/mstop.com.br\/\",\"logo\":{\"@type\":\"ImageObject\",\"inLanguage\":\"en-US\",\"@id\":\"https:\/\/mstop.com.br\/#\/schema\/logo\/image\/\",\"url\":\"https:\/\/mstop.com.br\/wp-content\/uploads\/2026\/03\/CRACHA-MSTOP-7.png\",\"contentUrl\":\"https:\/\/mstop.com.br\/wp-content\/uploads\/2026\/03\/CRACHA-MSTOP-7.png\",\"width\":2000,\"height\":500,\"caption\":\"MSTOP Topografia e Meio Ambiente\"},\"image\":{\"@id\":\"https:\/\/mstop.com.br\/#\/schema\/logo\/image\/\"}}]}<\/script>\n<!-- \/ Yoast SEO plugin. -->","yoast_head_json":{"title":"Fale conosco - MSTOP Topografia e Meio Ambiente","robots":{"index":"index","follow":"follow","max-snippet":"max-snippet:-1","max-image-preview":"max-image-preview:large","max-video-preview":"max-video-preview:-1"},"canonical":"https:\/\/mstop.com.br\/en\/contato\/","og_locale":"en_US","og_type":"article","og_title":"Fale conosco - MSTOP Topografia e Meio Ambiente","og_description":"Siga-nos nas nossas redes sociais Fale conosco Entre em contato com a MSTOP para tirar d\u00favidas, solicitar informa\u00e7\u00f5es ou falar com nossa equipe t\u00e9cnica e comercial. Estamos prontos para atender voc\u00ea com agilidade e clareza, oferecendo o suporte necess\u00e1rio para cada necessidade.","og_url":"https:\/\/mstop.com.br\/en\/contato\/","og_site_name":"MSTOP Topografia e Meio Ambiente","article_modified_time":"2026-03-13T19:40:40+00:00","og_image":[{"url":"https:\/\/mstop.com.br\/wp-content\/uploads\/2026\/03\/WhatsApp-Image-2026-03-12-at-09.40.36-768x1024.jpeg","type":"","width":"","height":""}],"twitter_card":"summary_large_image","twitter_misc":{"Est. reading time":"1 minute"},"schema":{"@context":"https:\/\/schema.org","@graph":[{"@type":"WebPage","@id":"https:\/\/mstop.com.br\/contato\/","url":"https:\/\/mstop.com.br\/contato\/","name":"Fale conosco - MSTOP Topografia e Meio Ambiente","isPartOf":{"@id":"https:\/\/mstop.com.br\/#website"},"primaryImageOfPage":{"@id":"https:\/\/mstop.com.br\/contato\/#primaryimage"},"image":{"@id":"https:\/\/mstop.com.br\/contato\/#primaryimage"},"thumbnailUrl":"https:\/\/mstop.com.br\/wp-content\/uploads\/2026\/03\/WhatsApp-Image-2026-03-12-at-09.40.36-768x1024.jpeg","datePublished":"2026-03-09T19:15:16+00:00","dateModified":"2026-03-13T19:40:40+00:00","breadcrumb":{"@id":"https:\/\/mstop.com.br\/contato\/#breadcrumb"},"inLanguage":"en-US","potentialAction":[{"@type":"ReadAction","target":["https:\/\/mstop.com.br\/contato\/"]}]},{"@type":"ImageObject","inLanguage":"en-US","@id":"https:\/\/mstop.com.br\/contato\/#primaryimage","url":"https:\/\/mstop.com.br\/wp-content\/uploads\/2026\/03\/WhatsApp-Image-2026-03-12-at-09.40.36-768x1024.jpeg","contentUrl":"https:\/\/mstop.com.br\/wp-content\/uploads\/2026\/03\/WhatsApp-Image-2026-03-12-at-09.40.36-768x1024.jpeg"},{"@type":"BreadcrumbList","@id":"https:\/\/mstop.com.br\/contato\/#breadcrumb","itemListElement":[{"@type":"ListItem","position":1,"name":"In\u00edcio","item":"https:\/\/mstop.com.br\/"},{"@type":"ListItem","position":2,"name":"Fale conosco"}]},{"@type":"WebSite","@id":"https:\/\/mstop.com.br\/#website","url":"https:\/\/mstop.com.br\/","name":"MSTOP Topografia e Meio Ambiente","description":"My WordPress Blog","publisher":{"@id":"https:\/\/mstop.com.br\/#organization"},"potentialAction":[{"@type":"SearchAction","target":{"@type":"EntryPoint","urlTemplate":"https:\/\/mstop.com.br\/?s={search_term_string}"},"query-input":{"@type":"PropertyValueSpecification","valueRequired":true,"valueName":"search_term_string"}}],"inLanguage":"en-US"},{"@type":"Organization","@id":"https:\/\/mstop.com.br\/#organization","name":"MSTOP Topografia e Meio Ambiente","url":"https:\/\/mstop.com.br\/","logo":{"@type":"ImageObject","inLanguage":"en-US","@id":"https:\/\/mstop.com.br\/#\/schema\/logo\/image\/","url":"https:\/\/mstop.com.br\/wp-content\/uploads\/2026\/03\/CRACHA-MSTOP-7.png","contentUrl":"https:\/\/mstop.com.br\/wp-content\/uploads\/2026\/03\/CRACHA-MSTOP-7.png","width":2000,"height":500,"caption":"MSTOP Topografia e Meio Ambiente"},"image":{"@id":"https:\/\/mstop.com.br\/#\/schema\/logo\/image\/"}}]}},"_links":{"self":[{"href":"https:\/\/mstop.com.br\/en\/wp-json\/wp\/v2\/pages\/30","targetHints":{"allow":["GET"]}}],"collection":[{"href":"https:\/\/mstop.com.br\/en\/wp-json\/wp\/v2\/pages"}],"about":[{"href":"https:\/\/mstop.com.br\/en\/wp-json\/wp\/v2\/types\/page"}],"author":[{"embeddable":true,"href":"https:\/\/mstop.com.br\/en\/wp-json\/wp\/v2\/users\/1"}],"replies":[{"embeddable":true,"href":"https:\/\/mstop.com.br\/en\/wp-json\/wp\/v2\/comments?post=30"}],"version-history":[{"count":11,"href":"https:\/\/mstop.com.br\/en\/wp-json\/wp\/v2\/pages\/30\/revisions"}],"predecessor-version":[{"id":164,"href":"https:\/\/mstop.com.br\/en\/wp-json\/wp\/v2\/pages\/30\/revisions\/164"}],"wp:attachment":[{"href":"https:\/\/mstop.com.br\/en\/wp-json\/wp\/v2\/media?parent=30"}],"curies":[{"name":"wp","href":"https:\/\/api.w.org\/{rel}","templated":true}]}}