{"id":29,"date":"2026-03-09T19:15:15","date_gmt":"2026-03-09T19:15:15","guid":{"rendered":"https:\/\/mstop.com.br\/sobre\/"},"modified":"2026-03-12T13:34:35","modified_gmt":"2026-03-12T13:34:35","slug":"sobre","status":"publish","type":"page","link":"https:\/\/mstop.com.br\/en\/sobre\/","title":{"rendered":"Quem Somos"},"content":{"rendered":"<div class=\"wp-block-group alignfull is-style-ext-preset--group--natural-1--section has-background-background-color has-background has-global-padding is-layout-constrained wp-container-core-group-is-layout-843e5a6d wp-block-group-is-layout-constrained is-style-ext-preset--group--natural-1--section--1\" id=\"about\" style=\"margin-top:0;margin-bottom:0;padding-top:var(--wp--preset--spacing--70);padding-bottom:var(--wp--preset--spacing--70)\">\n<h2 class=\"wp-block-heading has-text-align-left ext-animate--on\">Nossa Base \u00e9 a Precis\u00e3o<\/h2>\n\n\n\n<p class=\"ext-animate--on\" style=\"margin-top:1.5rem\">A <strong>MSTOP Topografia e Meio Ambiente<\/strong> \u00e9 uma empresa jovem, fundada em 2019 na cidade de Ponte Nova, Minas Gerais, que nasce com uma s\u00f3lida base de experi\u00eancia acumulada ao longo de mais de 15 anos de atua\u00e7\u00e3o nas \u00e1reas de topografia, consultoria t\u00e9cnica e desenvolvimento de projetos.<br><br>Seu fundador construiu sua trajet\u00f3ria profissional atuando em grandes empresas nacionais e multinacionais, participando de importantes projetos de engenharia e infraestrutura. A partir dessa experi\u00eancia, decidiu empreender com o prop\u00f3sito de oferecer aos clientes um atendimento diferenciado, com solu\u00e7\u00f5es t\u00e9cnicas precisas, personalizadas e alinhadas \u00e0s necessidades espec\u00edficas de cada projeto.<br><br>A <strong>MSTOP<\/strong> se destaca pela qualidade, responsabilidade t\u00e9cnica e comprometimento com resultados, atuando nos setores de <strong>topografia, consultoria, projetos e meio ambiente<\/strong>. Nosso trabalho \u00e9 pautado pela precis\u00e3o, inova\u00e7\u00e3o e confiabilidade, buscando sempre entregar solu\u00e7\u00f5es eficientes que agreguem valor aos empreendimentos de nossos clientes e parceiros.<\/p>\n\n\n\n<p class=\"has-text-align-left ext-animate--on\" style=\"margin-top:1.5rem\">Mais do que prestar servi\u00e7os, nossa miss\u00e3o \u00e9 construir rela\u00e7\u00f5es de confian\u00e7a e contribuir para o desenvolvimento de projetos com alto padr\u00e3o t\u00e9cnico e excel\u00eancia profissional.<\/p>\n\n\n\n<figure class=\"wp-block-image size-full is-style-ext-preset-image-natural-1-image-1--content-any is-style-ext-preset--image--natural-1--image-1--content-any ext-animate--on is-style-ext-preset--image--natural-1--image-1--content-any--2\"><img loading=\"lazy\" decoding=\"async\" width=\"926\" height=\"864\" src=\"https:\/\/mstop.com.br\/wp-content\/uploads\/2026\/03\/WhatsApp-Image-2026-03-10-at-11.29.59-8.jpeg\" alt=\"\" class=\"wp-image-122\" style=\"aspect-ratio:1.7777777777777777;object-fit:cover\" srcset=\"https:\/\/mstop.com.br\/wp-content\/uploads\/2026\/03\/WhatsApp-Image-2026-03-10-at-11.29.59-8.jpeg 926w, https:\/\/mstop.com.br\/wp-content\/uploads\/2026\/03\/WhatsApp-Image-2026-03-10-at-11.29.59-8-300x280.jpeg 300w, https:\/\/mstop.com.br\/wp-content\/uploads\/2026\/03\/WhatsApp-Image-2026-03-10-at-11.29.59-8-768x717.jpeg 768w, https:\/\/mstop.com.br\/wp-content\/uploads\/2026\/03\/WhatsApp-Image-2026-03-10-at-11.29.59-8-13x12.jpeg 13w\" sizes=\"auto, (max-width: 926px) 100vw, 926px\" \/><\/figure>\n<\/div>\n\n\n\n<div class=\"wp-block-group alignfull is-style-ext-preset--group--natural-1--section has-tertiary-background-color has-background is-vertical is-content-justification-center is-layout-flex wp-container-core-group-is-layout-2b9b5885 wp-block-group-is-layout-flex is-style-ext-preset--group--natural-1--section--3\" style=\"margin-top:0;margin-bottom:0;padding-top:var(--wp--preset--spacing--70);padding-bottom:var(--wp--preset--spacing--70)\">\n<div class=\"wp-block-group ext-is-logical-start is-vertical is-layout-flex wp-container-core-group-is-layout-6be23836 wp-block-group-is-layout-flex\">\n<h2 class=\"wp-block-heading has-text-align-center ext-animate--on\"><strong>Precis\u00e3o topogr\u00e1fica integrada \u00e0 responsabilidade ambiental<\/strong><\/h2>\n\n\n\n<p class=\"ext-animate--on\">Na <strong>MSTOP Topografia e Meio Ambiente<\/strong>, tecnologia, experi\u00eancia de campo e compromisso ambiental caminham juntos. Unimos mais de 15 anos de conhecimento t\u00e9cnico \u00e0 inova\u00e7\u00e3o para entregar solu\u00e7\u00f5es topogr\u00e1ficas precisas, confi\u00e1veis e alinhadas \u00e0s boas pr\u00e1ticas de sustentabilidade.<\/p>\n\n\n\n<p class=\"ext-animate--on\">Nesta se\u00e7\u00e3o, apresentamos alguns dos principais n\u00fameros que refletem nossa trajet\u00f3ria: indicadores de desempenho, projetos realizados e resultados que demonstram o compromisso da MSTOP com a qualidade t\u00e9cnica, a efici\u00eancia operacional e o respeito ao meio ambiente.<\/p>\n\n\n\n<p class=\"ext-animate--on\">Esses dados representam n\u00e3o apenas conquistas, mas a confian\u00e7a constru\u00edda com nossos clientes e parceiros ao longo de cada projeto executado.<\/p>\n<\/div>\n\n\n\n<div class=\"wp-block-columns alignwide is-layout-flex wp-container-core-columns-is-layout-08c01c1c wp-block-columns-is-layout-flex\">\n<div class=\"wp-block-column is-vertically-aligned-stretch ext-animate--on is-layout-flow wp-container-core-column-is-layout-f5bb311e wp-block-column-is-layout-flow\">\n<div class=\"wp-block-group is-style-ext-preset--group--natural-1--item-card-1--align-start has-global-padding is-layout-constrained wp-block-group-is-layout-constrained is-style-ext-preset--group--natural-1--item-card-1--align-start--4\">\n<div class=\"wp-block-group is-style-default has-global-padding is-layout-constrained wp-block-group-is-layout-constrained\">\n<h3 class=\"wp-block-heading has-primary-color has-text-color has-link-color has-x-large-font-size wp-elements-b7b7a4874c9db4ca4061291fca0a75bd\">+ 150<\/h3>\n\n\n\n<h3 class=\"wp-block-heading\">Projetos Conclu\u00eddos<\/h3>\n\n\n\n<p>N\u00famero total de projetos entregues com qualidade e dentro do prazo estipulado.<\/p>\n<\/div>\n<\/div>\n<\/div>\n\n\n\n<div class=\"wp-block-column is-vertically-aligned-stretch ext-animate--on is-layout-flow wp-container-core-column-is-layout-f5bb311e wp-block-column-is-layout-flow\">\n<div class=\"wp-block-group is-style-ext-preset--group--natural-1--item-card-1--align-start has-global-padding is-layout-constrained wp-block-group-is-layout-constrained is-style-ext-preset--group--natural-1--item-card-1--align-start--5\">\n<div class=\"wp-block-group is-style-default has-global-padding is-layout-constrained wp-block-group-is-layout-constrained\">\n<h3 class=\"wp-block-heading has-primary-color has-text-color has-link-color has-x-large-font-size wp-elements-f821e1ec7eac843a0d1fe08f045a3a06\">+ 1200<\/h3>\n\n\n\n<h3 class=\"wp-block-heading\">Clientes Satisfeitos<\/h3>\n\n\n\n<p>Quantidade de clientes que aprovaram nossos servi\u00e7os com alto \u00edndice de satisfa\u00e7\u00e3o.<\/p>\n<\/div>\n<\/div>\n<\/div>\n\n\n\n<div class=\"wp-block-column is-vertically-aligned-stretch ext-animate--on is-layout-flow wp-container-core-column-is-layout-f5bb311e wp-block-column-is-layout-flow\">\n<div class=\"wp-block-group is-style-ext-preset--group--natural-1--item-card-1--align-start has-global-padding is-layout-constrained wp-block-group-is-layout-constrained is-style-ext-preset--group--natural-1--item-card-1--align-start--6\">\n<div class=\"wp-block-group is-style-default has-global-padding is-layout-constrained wp-block-group-is-layout-constrained\">\n<h3 class=\"wp-block-heading has-primary-color has-text-color has-link-color has-x-large-font-size wp-elements-1ceab1cb6b5793227b0256336b66e990\">+ 15<\/h3>\n\n\n\n<h3 class=\"wp-block-heading\">Anos de Atua\u00e7\u00e3o<\/h3>\n\n\n\n<p>Experi\u00eancia acumulada que reflete nosso compromisso e expertise no setor.<\/p>\n<\/div>\n<\/div>\n<\/div>\n<\/div>\n<\/div>","protected":false},"excerpt":{"rendered":"<p>Nossa Base \u00e9 a Precis\u00e3o A MSTOP Topografia e Meio Ambiente \u00e9 uma empresa jovem, fundada em 2019 na cidade de Ponte Nova, Minas Gerais, que nasce com uma s\u00f3lida base de experi\u00eancia acumulada ao longo de mais de 15 anos de atua\u00e7\u00e3o nas \u00e1reas de topografia, consultoria t\u00e9cnica e desenvolvimento de projetos. Seu fundador [&hellip;]<\/p>\n","protected":false},"author":1,"featured_media":0,"parent":0,"menu_order":0,"comment_status":"closed","ping_status":"closed","template":"page-with-title","meta":{"footnotes":""},"class_list":["post-29","page","type-page","status-publish","hentry"],"yoast_head":"<!-- This site is optimized with the Yoast SEO plugin v27.2 - https:\/\/yoast.com\/product\/yoast-seo-wordpress\/ -->\n<title>Quem Somos - MSTOP Topografia e Meio Ambiente<\/title>\n<meta name=\"robots\" content=\"index, follow, max-snippet:-1, max-image-preview:large, max-video-preview:-1\" \/>\n<link rel=\"canonical\" href=\"https:\/\/mstop.com.br\/en\/sobre\/\" \/>\n<meta property=\"og:locale\" content=\"en_US\" \/>\n<meta property=\"og:type\" content=\"article\" \/>\n<meta property=\"og:title\" content=\"Quem Somos - MSTOP Topografia e Meio Ambiente\" \/>\n<meta property=\"og:description\" content=\"Nossa Base \u00e9 a Precis\u00e3o A MSTOP Topografia e Meio Ambiente \u00e9 uma empresa jovem, fundada em 2019 na cidade de Ponte Nova, Minas Gerais, que nasce com uma s\u00f3lida base de experi\u00eancia acumulada ao longo de mais de 15 anos de atua\u00e7\u00e3o nas \u00e1reas de topografia, consultoria t\u00e9cnica e desenvolvimento de projetos. Seu fundador [&hellip;]\" \/>\n<meta property=\"og:url\" content=\"https:\/\/mstop.com.br\/en\/sobre\/\" \/>\n<meta property=\"og:site_name\" content=\"MSTOP Topografia e Meio Ambiente\" \/>\n<meta property=\"article:modified_time\" content=\"2026-03-12T13:34:35+00:00\" \/>\n<meta property=\"og:image\" content=\"https:\/\/mstop.com.br\/wp-content\/uploads\/2026\/03\/WhatsApp-Image-2026-03-10-at-11.29.59-8.jpeg\" \/>\n\t<meta property=\"og:image:width\" content=\"926\" \/>\n\t<meta property=\"og:image:height\" content=\"864\" \/>\n\t<meta property=\"og:image:type\" content=\"image\/jpeg\" \/>\n<meta name=\"twitter:card\" content=\"summary_large_image\" \/>\n<meta name=\"twitter:label1\" content=\"Est. reading time\" \/>\n\t<meta name=\"twitter:data1\" content=\"2 minutes\" \/>\n<script type=\"application\/ld+json\" class=\"yoast-schema-graph\">{\"@context\":\"https:\/\/schema.org\",\"@graph\":[{\"@type\":\"WebPage\",\"@id\":\"https:\/\/mstop.com.br\/sobre\/\",\"url\":\"https:\/\/mstop.com.br\/sobre\/\",\"name\":\"Quem Somos - MSTOP Topografia e Meio Ambiente\",\"isPartOf\":{\"@id\":\"https:\/\/mstop.com.br\/#website\"},\"primaryImageOfPage\":{\"@id\":\"https:\/\/mstop.com.br\/sobre\/#primaryimage\"},\"image\":{\"@id\":\"https:\/\/mstop.com.br\/sobre\/#primaryimage\"},\"thumbnailUrl\":\"https:\/\/mstop.com.br\/wp-content\/uploads\/2026\/03\/WhatsApp-Image-2026-03-10-at-11.29.59-8.jpeg\",\"datePublished\":\"2026-03-09T19:15:15+00:00\",\"dateModified\":\"2026-03-12T13:34:35+00:00\",\"breadcrumb\":{\"@id\":\"https:\/\/mstop.com.br\/sobre\/#breadcrumb\"},\"inLanguage\":\"en-US\",\"potentialAction\":[{\"@type\":\"ReadAction\",\"target\":[\"https:\/\/mstop.com.br\/sobre\/\"]}]},{\"@type\":\"ImageObject\",\"inLanguage\":\"en-US\",\"@id\":\"https:\/\/mstop.com.br\/sobre\/#primaryimage\",\"url\":\"https:\/\/mstop.com.br\/wp-content\/uploads\/2026\/03\/WhatsApp-Image-2026-03-10-at-11.29.59-8.jpeg\",\"contentUrl\":\"https:\/\/mstop.com.br\/wp-content\/uploads\/2026\/03\/WhatsApp-Image-2026-03-10-at-11.29.59-8.jpeg\"},{\"@type\":\"BreadcrumbList\",\"@id\":\"https:\/\/mstop.com.br\/sobre\/#breadcrumb\",\"itemListElement\":[{\"@type\":\"ListItem\",\"position\":1,\"name\":\"In\u00edcio\",\"item\":\"https:\/\/mstop.com.br\/\"},{\"@type\":\"ListItem\",\"position\":2,\"name\":\"Quem Somos\"}]},{\"@type\":\"WebSite\",\"@id\":\"https:\/\/mstop.com.br\/#website\",\"url\":\"https:\/\/mstop.com.br\/\",\"name\":\"MSTOP Topografia e Meio Ambiente\",\"description\":\"My WordPress Blog\",\"publisher\":{\"@id\":\"https:\/\/mstop.com.br\/#organization\"},\"potentialAction\":[{\"@type\":\"SearchAction\",\"target\":{\"@type\":\"EntryPoint\",\"urlTemplate\":\"https:\/\/mstop.com.br\/?s={search_term_string}\"},\"query-input\":{\"@type\":\"PropertyValueSpecification\",\"valueRequired\":true,\"valueName\":\"search_term_string\"}}],\"inLanguage\":\"en-US\"},{\"@type\":\"Organization\",\"@id\":\"https:\/\/mstop.com.br\/#organization\",\"name\":\"MSTOP Topografia e Meio Ambiente\",\"url\":\"https:\/\/mstop.com.br\/\",\"logo\":{\"@type\":\"ImageObject\",\"inLanguage\":\"en-US\",\"@id\":\"https:\/\/mstop.com.br\/#\/schema\/logo\/image\/\",\"url\":\"https:\/\/mstop.com.br\/wp-content\/uploads\/2026\/03\/CRACHA-MSTOP-7.png\",\"contentUrl\":\"https:\/\/mstop.com.br\/wp-content\/uploads\/2026\/03\/CRACHA-MSTOP-7.png\",\"width\":2000,\"height\":500,\"caption\":\"MSTOP Topografia e Meio Ambiente\"},\"image\":{\"@id\":\"https:\/\/mstop.com.br\/#\/schema\/logo\/image\/\"}}]}<\/script>\n<!-- \/ Yoast SEO plugin. -->","yoast_head_json":{"title":"Quem Somos - MSTOP Topografia e Meio Ambiente","robots":{"index":"index","follow":"follow","max-snippet":"max-snippet:-1","max-image-preview":"max-image-preview:large","max-video-preview":"max-video-preview:-1"},"canonical":"https:\/\/mstop.com.br\/en\/sobre\/","og_locale":"en_US","og_type":"article","og_title":"Quem Somos - MSTOP Topografia e Meio Ambiente","og_description":"Nossa Base \u00e9 a Precis\u00e3o A MSTOP Topografia e Meio Ambiente \u00e9 uma empresa jovem, fundada em 2019 na cidade de Ponte Nova, Minas Gerais, que nasce com uma s\u00f3lida base de experi\u00eancia acumulada ao longo de mais de 15 anos de atua\u00e7\u00e3o nas \u00e1reas de topografia, consultoria t\u00e9cnica e desenvolvimento de projetos. Seu fundador [&hellip;]","og_url":"https:\/\/mstop.com.br\/en\/sobre\/","og_site_name":"MSTOP Topografia e Meio Ambiente","article_modified_time":"2026-03-12T13:34:35+00:00","og_image":[{"width":926,"height":864,"url":"https:\/\/mstop.com.br\/wp-content\/uploads\/2026\/03\/WhatsApp-Image-2026-03-10-at-11.29.59-8.jpeg","type":"image\/jpeg"}],"twitter_card":"summary_large_image","twitter_misc":{"Est. reading time":"2 minutes"},"schema":{"@context":"https:\/\/schema.org","@graph":[{"@type":"WebPage","@id":"https:\/\/mstop.com.br\/sobre\/","url":"https:\/\/mstop.com.br\/sobre\/","name":"Quem Somos - MSTOP Topografia e Meio Ambiente","isPartOf":{"@id":"https:\/\/mstop.com.br\/#website"},"primaryImageOfPage":{"@id":"https:\/\/mstop.com.br\/sobre\/#primaryimage"},"image":{"@id":"https:\/\/mstop.com.br\/sobre\/#primaryimage"},"thumbnailUrl":"https:\/\/mstop.com.br\/wp-content\/uploads\/2026\/03\/WhatsApp-Image-2026-03-10-at-11.29.59-8.jpeg","datePublished":"2026-03-09T19:15:15+00:00","dateModified":"2026-03-12T13:34:35+00:00","breadcrumb":{"@id":"https:\/\/mstop.com.br\/sobre\/#breadcrumb"},"inLanguage":"en-US","potentialAction":[{"@type":"ReadAction","target":["https:\/\/mstop.com.br\/sobre\/"]}]},{"@type":"ImageObject","inLanguage":"en-US","@id":"https:\/\/mstop.com.br\/sobre\/#primaryimage","url":"https:\/\/mstop.com.br\/wp-content\/uploads\/2026\/03\/WhatsApp-Image-2026-03-10-at-11.29.59-8.jpeg","contentUrl":"https:\/\/mstop.com.br\/wp-content\/uploads\/2026\/03\/WhatsApp-Image-2026-03-10-at-11.29.59-8.jpeg"},{"@type":"BreadcrumbList","@id":"https:\/\/mstop.com.br\/sobre\/#breadcrumb","itemListElement":[{"@type":"ListItem","position":1,"name":"In\u00edcio","item":"https:\/\/mstop.com.br\/"},{"@type":"ListItem","position":2,"name":"Quem Somos"}]},{"@type":"WebSite","@id":"https:\/\/mstop.com.br\/#website","url":"https:\/\/mstop.com.br\/","name":"MSTOP Topografia e Meio Ambiente","description":"My WordPress Blog","publisher":{"@id":"https:\/\/mstop.com.br\/#organization"},"potentialAction":[{"@type":"SearchAction","target":{"@type":"EntryPoint","urlTemplate":"https:\/\/mstop.com.br\/?s={search_term_string}"},"query-input":{"@type":"PropertyValueSpecification","valueRequired":true,"valueName":"search_term_string"}}],"inLanguage":"en-US"},{"@type":"Organization","@id":"https:\/\/mstop.com.br\/#organization","name":"MSTOP Topografia e Meio Ambiente","url":"https:\/\/mstop.com.br\/","logo":{"@type":"ImageObject","inLanguage":"en-US","@id":"https:\/\/mstop.com.br\/#\/schema\/logo\/image\/","url":"https:\/\/mstop.com.br\/wp-content\/uploads\/2026\/03\/CRACHA-MSTOP-7.png","contentUrl":"https:\/\/mstop.com.br\/wp-content\/uploads\/2026\/03\/CRACHA-MSTOP-7.png","width":2000,"height":500,"caption":"MSTOP Topografia e Meio Ambiente"},"image":{"@id":"https:\/\/mstop.com.br\/#\/schema\/logo\/image\/"}}]}},"_links":{"self":[{"href":"https:\/\/mstop.com.br\/en\/wp-json\/wp\/v2\/pages\/29","targetHints":{"allow":["GET"]}}],"collection":[{"href":"https:\/\/mstop.com.br\/en\/wp-json\/wp\/v2\/pages"}],"about":[{"href":"https:\/\/mstop.com.br\/en\/wp-json\/wp\/v2\/types\/page"}],"author":[{"embeddable":true,"href":"https:\/\/mstop.com.br\/en\/wp-json\/wp\/v2\/users\/1"}],"replies":[{"embeddable":true,"href":"https:\/\/mstop.com.br\/en\/wp-json\/wp\/v2\/comments?post=29"}],"version-history":[{"count":8,"href":"https:\/\/mstop.com.br\/en\/wp-json\/wp\/v2\/pages\/29\/revisions"}],"predecessor-version":[{"id":150,"href":"https:\/\/mstop.com.br\/en\/wp-json\/wp\/v2\/pages\/29\/revisions\/150"}],"wp:attachment":[{"href":"https:\/\/mstop.com.br\/en\/wp-json\/wp\/v2\/media?parent=29"}],"curies":[{"name":"wp","href":"https:\/\/api.w.org\/{rel}","templated":true}]}}